{"id":289,"date":"2014-11-27T07:26:02","date_gmt":"2014-11-27T07:26:02","guid":{"rendered":"http:\/\/localhost\/shinetheme\/Travel\/travel-code\/?page_id=231"},"modified":"2023-05-15T14:17:35","modified_gmt":"2023-05-15T12:17:35","slug":"home-layout-default-traveler","status":"publish","type":"page","link":"https:\/\/meissnervista.eu\/","title":{"rendered":"Home Meissner Vista Beratung"},"content":{"rendered":"\n<figure class=\"wp-block-pullquote has-small-font-size\"><blockquote><p><strong>Seit 25 Jahren an Ihrer Seite!<\/strong><\/p><cite>Vielen Dank f\u00fcr Ihr Vertrauen<\/cite><\/blockquote><\/figure>\n\n\n\n<p class=\"has-text-align-center\">Schauen Sie gerne bei unseren weiteren Projekten der Meissner Vista GmbH vorbei:<\/p>\n\n\n\n<div style=\"height:16px\" aria-hidden=\"true\" class=\"wp-block-spacer\"><\/div>\n\n\n\n<div class=\"is-content-justification-center is-layout-flex wp-container-1 wp-block-buttons\">\n<div class=\"wp-block-button\"><a class=\"wp-block-button__link wp-element-button\" href=\"http:\/\/www.verlagshaus-meissner.de\" target=\"_blank\" rel=\"noreferrer noopener\">Verlagshaus<\/a><\/div>\n\n\n\n<div class=\"wp-block-button\"><a class=\"wp-block-button__link wp-element-button\" href=\"http:\/\/www.marmeladenmanufaktur-meissner.de\" target=\"_blank\" rel=\"noreferrer noopener\">Marmeladenmanufaktur<\/a><\/div>\n\n\n\n<div class=\"wp-block-button\"><a class=\"wp-block-button__link wp-element-button\" href=\"https:\/\/psychologie-meissner.de\/\" target=\"_blank\" rel=\"noreferrer noopener\">Coaching<\/a><\/div>\n\n\n\n<div class=\"wp-block-button\"><a class=\"wp-block-button__link wp-element-button\" href=\"http:\/\/www.landwirtschaft-meissner.de\" target=\"_blank\" rel=\"noreferrer noopener\">Landwirtschaft<\/a><\/div>\n<\/div>\n\n\n\n<div style=\"height:89px\" aria-hidden=\"true\" class=\"wp-block-spacer\"><\/div>\n\n\n<div  class=\" st bg-holder vc_custom_1465660926861\" ><div class='container '><div class='row'>\n\t<div class=\"col-md-8 wpb_column column_container vc_custom_1443531932359\">\n\t\t\t\n\t<div class=\"wpb_text_column wpb_content_element  vc_custom_1442860769602\">\n\t\t<div class=\"wpb_wrapper\">\n\t\t\t\n\t\t<\/div>\n\t<\/div>\n\n\t<div class=\"wpb_text_column wpb_content_element \">\n\t\t<div class=\"wpb_wrapper\">\n\t\t\t<div style=\"height: 480px;\">\n<h2><strong>Meissner Vista Unternehmensberatung<\/strong><\/h2>\n<p>Strategieentwicklung | Management Coaching | Unternehmenssteuerung<\/p>\n<\/div>\n\n\t\t<\/div>\n\t<\/div>\n\n\t<\/div> \n\n\t<div class=\"col-md-4 wpb_column column_container\">\n\t\t\t\n\t<\/div> \n<\/div><!--End .row--><\/div><!--End .container--><\/div><div  class=\" st bg-holder vc_custom_1422952293353\" ><div class='container '><div class='row'>\n\t<div class=\"col-md-4 wpb_column column_container vc_custom_1422952331196\">\n\t\t\t\r\n                    <div class=\"thumb text-center\">\r\n                            <header class=\"thumb-header pull-top st-thumb-header\">\r\n                               <i class=\"fa fa-thumbs-up box-icon-md box-icon-top box-icon-center round st_1776673400 animate-icon-top-to-bottom   box-icon-to-black \"><\/i>\r\n                            <\/header>\r\n                            <div class=\"thumb-caption pull-top st-thumb-caption\">\r\n                                  <h5 class=\"thumb-title\">\r\n                        <a href=\"#\" class=\"text-darken\">L\u00f6sungen nach Ma\u00df<\/a>\r\n                       <\/h5>\r\n                                <p class=\"thumb-desc\">Unternehmensberatung erfordert neben einer fachkundigen Beratung auch die erfolgreiche Umsetzung der L\u00f6sungsans\u00e4tze. Auf Wunsch \u00fcbernehmen unsere Mitarbeiter die Projektumsetzung und schaffen durch ihr Expertenwissen und ihre Erfahrung nachhaltige Wettbewerbsvorteile. Erfolgsorientiert und auf die Unternehmensziele ausgerichtet. Zukunftsorientierte Instrumente helfen uns bei der Umsetzung.<\/p>\r\n                            <\/div>\r\n                    <\/div>\r\n                    \n\t<\/div> \n\n\t<div class=\"col-md-4 wpb_column column_container vc_custom_1422952312242\">\n\t\t\t\r\n                    <div class=\"thumb text-center\">\r\n                            <header class=\"thumb-header pull-top st-thumb-header\">\r\n                               <i class=\"fa fa-magic box-icon-md box-icon-top box-icon-center round st_1776673401 animate-icon-top-to-bottom   box-icon-to-black \"><\/i>\r\n                            <\/header>\r\n                            <div class=\"thumb-caption pull-top st-thumb-caption\">\r\n                                  <h5 class=\"thumb-title\">\r\n                        <a href=\"#\" class=\"text-darken\">\u00dcberzeugende Umsetzung<\/a>\r\n                       <\/h5>\r\n                                <p class=\"thumb-desc\">Je besser die organisatorischen Strukturen eines Unternehmens miteinander harmonieren, desto nachhaltiger und stabiler wird die gew\u00fcnschte \u00c4nderung. Deshalb konzentrieren wir uns abgestimmt mit der Gesch\u00e4ftsleitung um einen dauerhaften Anstieg der Wettbewerbsf\u00e4higkeit und die angestrebte Wertsch\u00f6pfung. <\/p>\r\n                            <\/div>\r\n                    <\/div>\r\n                    \n\t<\/div> \n\n\t<div class=\"col-md-4 wpb_column column_container vc_custom_1422952303227\">\n\t\t\t\r\n                    <div class=\"thumb text-center\">\r\n                            <header class=\"thumb-header pull-top st-thumb-header\">\r\n                               <i class=\"fa fa-globe box-icon-md box-icon-top box-icon-center round st_1776673402 animate-icon-top-to-bottom   box-icon-to-black \"><\/i>\r\n                            <\/header>\r\n                            <div class=\"thumb-caption pull-top st-thumb-caption\">\r\n                                  <h5 class=\"thumb-title\">\r\n                        <a href=\"#\" class=\"text-darken\">Bundesweite Pr\u00e4senz<\/a>\r\n                       <\/h5>\r\n                                <p class=\"thumb-desc\">In Zusammenarbeit mit strategischen Partnern bieten wir unseren Mandanten die gesamte Bandbreite einer internationalen Unternehmensberatung und die nachhaltige Ausrichtung auf globalisierte M\u00e4rkte. <\/p>\r\n                            <\/div>\r\n                    <\/div>\r\n                    \n\t<\/div> \n<\/div><!--End .row--><\/div><!--End .container--><\/div><div  class=\" st bg-holder vc_custom_1465661170961 bg-parallax \" ><div class=\"bg-mask\"><\/div><div class='container-fluid'> <div class='row'>\n\t<div class=\"col-md-12 wpb_column column_container\">\n\t\t\t\n\t<div class=\"wpb_text_column wpb_content_element \">\n\t\t<div class=\"wpb_wrapper\">\n\t\t\t<h1 class=\"text-center text-white mb20\">Kunden \u00fcber uns<\/h1>\n\n\t\t<\/div>\n\t<\/div>\n<div class=\"vc_row wpb_row vc_inner\"><div class=\"wpb_column column_container col-md-4\"><div class=\"wpb_wrapper\">  <div class=\"testimonial st_1776673403  hidden-sm hidden-xs\">\r\n                        <div class=\"testimonial-inner \">\r\n                            <blockquote>\r\n                                <p>Perfekte Umsetzung!<\/p>\r\n                            <\/blockquote>\r\n                        <\/div>\r\n                        <div class=\"testimonial-author\">\r\n                            <img src=\"https:\/\/meissnervista.eu\/wp-content\/uploads\/st_uploadfont\/mike-50x50.jpg\" alt=\"Avatar\" title=\"Johannes\" \/>\r\n                            <p class=\"testimonial-author-name\" >Johannes<\/p>\r\n                            <cite>Trader Company<\/cite>\r\n                        <\/div>\r\n                    <\/div><\/div><\/div><div class=\"wpb_column column_container col-md-4\"><div class=\"wpb_wrapper\">  <div class=\"testimonial st_1776673404  hidden-sm hidden-xs\">\r\n                        <div class=\"testimonial-inner \">\r\n                            <blockquote>\r\n                                <p>Ser\u00f6se Firma und kompetente Mitarbeiter! Vielen Dank!<\/p>\r\n                            <\/blockquote>\r\n                        <\/div>\r\n                        <div class=\"testimonial-author\">\r\n                            <img src=\"https:\/\/meissnervista.eu\/wp-content\/uploads\/st_uploadfont\/mike-50x50.jpg\" alt=\"Avatar\" title=\"Sabine Meier\" \/>\r\n                            <p class=\"testimonial-author-name\" >Sabine Meier<\/p>\r\n                            <cite>\u00d6ffentliches Krankenhaus<\/cite>\r\n                        <\/div>\r\n                    <\/div><\/div><\/div><div class=\"wpb_column column_container col-md-4\"><div class=\"wpb_wrapper\">  <div class=\"testimonial st_1776673405  hidden-sm hidden-xs\">\r\n                        <div class=\"testimonial-inner \">\r\n                            <blockquote>\r\n                                <p>Die individuelle L\u00f6sung von Meissner Vista hat uns bis zu 70% mehr Umsatz gebracht.<\/p>\r\n                            <\/blockquote>\r\n                        <\/div>\r\n                        <div class=\"testimonial-author\">\r\n                            <img src=\"https:\/\/meissnervista.eu\/wp-content\/uploads\/st_uploadfont\/mike-50x50.jpg\" alt=\"Avatar\" title=\"Dr. Nahas\" \/>\r\n                            <p class=\"testimonial-author-name\" >Dr. Nahas<\/p>\r\n                            <cite>Lieferservice<\/cite>\r\n                        <\/div>\r\n                    <\/div><\/div><\/div><\/div>\n\t<\/div> \n<\/div><!--End .row--><\/div><!--End .container--><\/div><div  class=\" st bg-holder vc_custom_1417164324449\" ><div class='container '><div class='row'>\n\t<div class=\"col-md-12 wpb_column column_container vc_custom_1443547302211\">\n\t\t\t\n\t<div class=\"wpb_text_column wpb_content_element  vc_custom_1465722437844\">\n\t\t<div class=\"wpb_wrapper\">\n\t\t\t<h2 class=\"text-center\" style=\"text-align: center;\">Leistungsbereiche<\/h2>\n<p style=\"text-align: center;\">Leistungen in \u00dcbersicht<\/p>\n\n\t\t<\/div>\n\t<\/div>\n<div class=\"vc_tta-container\" data-vc-action=\"collapse\"><div class=\"vc_general vc_tta vc_tta-accordion vc_tta-color-grey vc_tta-style-classic vc_tta-shape-rounded vc_tta-o-shape-group vc_tta-controls-align-left\"><div class=\"vc_tta-panels-container\"><div class=\"vc_tta-panels\"><div class=\"vc_tta-panel vc_active\" id=\"1466324116356-dc5e9dea-f658\" data-vc-content=\".vc_tta-panel-body\"><div class=\"vc_tta-panel-heading\"><h4 class=\"vc_tta-panel-title vc_tta-controls-icon-position-left\"><a href=\"#1466324116356-dc5e9dea-f658\" data-vc-accordion data-vc-container=\".vc_tta-container\"><span class=\"vc_tta-title-text\">Erfolgreiche Strategieentwicklung<\/span><i class=\"vc_tta-controls-icon vc_tta-controls-icon-plus\"><\/i><\/a><\/h4><\/div><div class=\"vc_tta-panel-body\">\n\t<div class=\"wpb_text_column wpb_content_element \">\n\t\t<div class=\"wpb_wrapper\">\n\t\t\t<p>Einfachheit, Klarheit und Pr\u00e4zision sind die Bausteine einer guten Strategie. Wir als Unternehmensberatung erarbeiten die Strategie gemeinsam und sorgen daf\u00fcr, dass motivierte Mitarbeiter sie zum Wohle des Unternehmens kraftvoll umsetzen.<\/p>\n\n\t\t<\/div>\n\t<\/div>\n<\/div><\/div><div class=\"vc_tta-panel\" id=\"1466324116758-4898887b-5197\" data-vc-content=\".vc_tta-panel-body\"><div class=\"vc_tta-panel-heading\"><h4 class=\"vc_tta-panel-title vc_tta-controls-icon-position-left\"><a href=\"#1466324116758-4898887b-5197\" data-vc-accordion data-vc-container=\".vc_tta-container\"><span class=\"vc_tta-title-text\">Training der F\u00fchrungskr\u00e4fte<\/span><i class=\"vc_tta-controls-icon vc_tta-controls-icon-plus\"><\/i><\/a><\/h4><\/div><div class=\"vc_tta-panel-body\">\n\t<div class=\"wpb_text_column wpb_content_element \">\n\t\t<div class=\"wpb_wrapper\">\n\t\t\t<p>Eine emotionale und intelligente F\u00fchrung inspiriert nicht nur die Mitarbeiter, sie weckt au\u00dferdem Begeisterung und Leidenschaft. Durch Management Coaching sorgen wir daf\u00fcr, dass sich die F\u00fchrungskr\u00e4fte unserer Mandanten in ihrer Leistungsf\u00e4higkeit weiterentwickeln und den sich st\u00e4ndig wandelnden Anforderungen ihrer Position gerecht werden.<\/p>\n\n\t\t<\/div>\n\t<\/div>\n<\/div><\/div><div class=\"vc_tta-panel\" id=\"1466324117153-1a2087cb-2e9c\" data-vc-content=\".vc_tta-panel-body\"><div class=\"vc_tta-panel-heading\"><h4 class=\"vc_tta-panel-title vc_tta-controls-icon-position-left\"><a href=\"#1466324117153-1a2087cb-2e9c\" data-vc-accordion data-vc-container=\".vc_tta-container\"><span class=\"vc_tta-title-text\">Unternehmenssteuerung<\/span><i class=\"vc_tta-controls-icon vc_tta-controls-icon-plus\"><\/i><\/a><\/h4><\/div><div class=\"vc_tta-panel-body\">\n\t<div class=\"wpb_text_column wpb_content_element \">\n\t\t<div class=\"wpb_wrapper\">\n\t\t\t<p>In einem Unternehmen zielgerichtet und l\u00f6sungsorientiert zu handeln und dabei die Unternehmensziele nicht aus den Augen zu verlieren, bildet die Grundlage f\u00fcr eine nachhaltige Steuerung der Unternehmensaktivit\u00e4ten..<\/p>\n\n\t\t<\/div>\n\t<\/div>\n<\/div><\/div><div class=\"vc_tta-panel\" id=\"1466324117565-99d5c0ac-1f12\" data-vc-content=\".vc_tta-panel-body\"><div class=\"vc_tta-panel-heading\"><h4 class=\"vc_tta-panel-title vc_tta-controls-icon-position-left\"><a href=\"#1466324117565-99d5c0ac-1f12\" data-vc-accordion data-vc-container=\".vc_tta-container\"><span class=\"vc_tta-title-text\">Erneuerung und Restrukturierung<\/span><i class=\"vc_tta-controls-icon vc_tta-controls-icon-plus\"><\/i><\/a><\/h4><\/div><div class=\"vc_tta-panel-body\">\n\t<div class=\"wpb_text_column wpb_content_element \">\n\t\t<div class=\"wpb_wrapper\">\n\t\t\t<p>Unternehmen sind in einem stetigen Wandel begriffen, doch manchmal geraten sie etwas au\u00dfer Tritt. Unsere Analyse zeigt wo in einem Unternehmen die Schwachstellen sind und dringender Handlungsbedarf besteht. Eine bedarfsorientierte Restrukturierung er\u00f6ffnet einem Unternehmen neue Perspektiven und zeigt neue Potenziale auf.<\/p>\n\n\t\t<\/div>\n\t<\/div>\n<\/div><\/div><div class=\"vc_tta-panel\" id=\"1466324117993-3cd58f4f-f974\" data-vc-content=\".vc_tta-panel-body\"><div class=\"vc_tta-panel-heading\"><h4 class=\"vc_tta-panel-title vc_tta-controls-icon-position-left\"><a href=\"#1466324117993-3cd58f4f-f974\" data-vc-accordion data-vc-container=\".vc_tta-container\"><span class=\"vc_tta-title-text\">Chancen und Risiken<\/span><i class=\"vc_tta-controls-icon vc_tta-controls-icon-plus\"><\/i><\/a><\/h4><\/div><div class=\"vc_tta-panel-body\">\n\t<div class=\"wpb_text_column wpb_content_element \">\n\t\t<div class=\"wpb_wrapper\">\n\t\t\t<p>Als Unternehmensberatung denken wir st\u00e4ndig \u00fcber alle Fragen der Compliance und des sich daraus ergebenden Risikomanagements nach. Bei Bedarf entwickelt und implementieren wir geeignete Ma\u00dfnahmen, welche die Chancen und Risiken der Wertsch\u00f6pfung positiv beeinflussen.<\/p>\n\n\t\t<\/div>\n\t<\/div>\n<\/div><\/div><div class=\"vc_tta-panel\" id=\"1466324118433-b11a000e-395b\" data-vc-content=\".vc_tta-panel-body\"><div class=\"vc_tta-panel-heading\"><h4 class=\"vc_tta-panel-title vc_tta-controls-icon-position-left\"><a href=\"#1466324118433-b11a000e-395b\" data-vc-accordion data-vc-container=\".vc_tta-container\"><span class=\"vc_tta-title-text\">Einkaufsoptimierung und Kostenmanagement<\/span><i class=\"vc_tta-controls-icon vc_tta-controls-icon-plus\"><\/i><\/a><\/h4><\/div><div class=\"vc_tta-panel-body\">\n\t<div class=\"wpb_text_column wpb_content_element \">\n\t\t<div class=\"wpb_wrapper\">\n\t\t\t<p>In der Optimierung des Einkaufs liegen ungenutzte Sparpotenziale, die jedes Unternehmen nutzen sollte. Unser Ansatz ist eine individuelle Beratung und die optimale Nutzung der Einkaufsinstrumente. Besonders in schnell expandierenden Unternehmen steigen die Kosten oft \u00fcberproportional an. Durch ein effektives Kostenmanagement zeigen wir Ihnen, wie Sie die Kosten in den Griff bekommen.<\/p>\n\n\t\t<\/div>\n\t<\/div>\n<\/div><\/div><\/div><\/div><\/div><\/div>\n\t<\/div> \n<\/div><!--End .row--><\/div><!--End .container--><\/div><div  class=\" st bg-holder\" ><div class='container '><div class='row'>\n\t<div class=\"col-md-12 wpb_column column_container\">\n\t\t\t\n\t<\/div> \n<\/div><!--End .row--><\/div><!--End .container--><\/div>","protected":false},"excerpt":{"rendered":"<p>Seit 25 Jahren an Ihrer Seite! Vielen Dank f\u00fcr Ihr Vertrauen Schauen Sie gerne bei unseren weiteren Projekten der Meissner Vista GmbH vorbei:<\/p>\n","protected":false},"author":1,"featured_media":0,"parent":0,"menu_order":0,"comment_status":"open","ping_status":"closed","template":"template-home.php","meta":[],"_links":{"self":[{"href":"https:\/\/meissnervista.eu\/index.php\/wp-json\/wp\/v2\/pages\/289"}],"collection":[{"href":"https:\/\/meissnervista.eu\/index.php\/wp-json\/wp\/v2\/pages"}],"about":[{"href":"https:\/\/meissnervista.eu\/index.php\/wp-json\/wp\/v2\/types\/page"}],"author":[{"embeddable":true,"href":"https:\/\/meissnervista.eu\/index.php\/wp-json\/wp\/v2\/users\/1"}],"replies":[{"embeddable":true,"href":"https:\/\/meissnervista.eu\/index.php\/wp-json\/wp\/v2\/comments?post=289"}],"version-history":[{"count":109,"href":"https:\/\/meissnervista.eu\/index.php\/wp-json\/wp\/v2\/pages\/289\/revisions"}],"predecessor-version":[{"id":6206,"href":"https:\/\/meissnervista.eu\/index.php\/wp-json\/wp\/v2\/pages\/289\/revisions\/6206"}],"wp:attachment":[{"href":"https:\/\/meissnervista.eu\/index.php\/wp-json\/wp\/v2\/media?parent=289"}],"curies":[{"name":"wp","href":"https:\/\/api.w.org\/{rel}","templated":true}]}}