{"id":34,"date":"2014-11-19T09:35:39","date_gmt":"2014-11-19T09:35:39","guid":{"rendered":"http:\/\/localhost\/shinetheme\/Travel\/travel-code\/?page_id=20"},"modified":"2021-07-30T17:06:05","modified_gmt":"2021-07-30T15:06:05","slug":"das-unternehmen","status":"publish","type":"page","link":"https:\/\/meissnervista.eu\/index.php\/das-unternehmen\/","title":{"rendered":"Das Unternehmen"},"content":{"rendered":"<div  class=\" st bg-holder vc_custom_1465661546817\" ><div class='container '><div class='row'>\n\t<div class=\"col-md-8 wpb_column column_container\">\n\t\t\t\n\t<div class=\"wpb_text_column wpb_content_element  vc_custom_1627657548284\">\n\t\t<div class=\"wpb_wrapper\">\n\t\t\t<h2>Meissner Vista Unternehmensberatung<\/h2>\n<p class=\"text-bigger\">Wir sind eine bundesweit t\u00e4tige Unternehmensberatung. Unsere Kernkompetenzen liegen in der qualifizierten Beratung mittelst\u00e4ndischer oder gr\u00f6\u00dftenteils inhaber- oder familiengef\u00fchrter Unternehmen. Mit gro\u00dfer Begeisterung, aktuellem Expertenwissen, frischen Ideen und einem effektiven internationalen Netzwerk bieten wir praxisnahe L\u00f6sungen zu den unternehmerischen Angelegenheiten unserer Kunden. Innovativ und ergebnisorientiert &#8211; aber nie langweilig.<\/p>\n\n\t\t<\/div>\n\t<\/div>\n\n\t<\/div> \n\n\t<div class=\"col-md-4 wpb_column column_container vc_custom_1465661582286\">\n\t\t\t\n\t<div class=\"wpb_single_image wpb_content_element vc_align_left\">\n\t\t<div class=\"wpb_wrapper\">\n\t\t\t\n\t\t\t<div class=\"vc_single_image-wrapper   vc_box_border_grey\"><img width=\"390\" height=\"314\" src=\"https:\/\/meissnervista.eu\/wp-content\/uploads\/st_uploadfont\/unternehmen.jpg\" class=\"vc_single_image-img attachment-full\" alt=\"\" decoding=\"async\" loading=\"lazy\" srcset=\"https:\/\/meissnervista.eu\/wp-content\/uploads\/st_uploadfont\/unternehmen.jpg 390w, https:\/\/meissnervista.eu\/wp-content\/uploads\/st_uploadfont\/unternehmen-600x483.jpg 600w\" sizes=\"(max-width: 390px) 100vw, 390px\" \/><\/div>\n\t\t<\/div>\n\t<\/div>\n\n\t<\/div> \n<\/div><!--End .row--><\/div><!--End .container--><\/div><div  class=\" st bg-holder vc_custom_1443523177709 bg-parallax \" ><div class=\"bg-mask\"><\/div><div class='container '><div class='row'>\n\t<div class=\"col-md-10 wpb_column column_container\">\n\t\t\t\n\t<div class=\"wpb_text_column wpb_content_element  vc_custom_1465642910371 gap gap-big text-white\">\n\t\t<div class=\"wpb_wrapper\">\n\t\t\t<h2>Strategie und Beratung<\/h2>\n<p class=\"text-bigger\">Ein erfolgreiches Projekt beginnt in unserer Denkfabrik mit einer sachbezogenen Analyse und einer anschlie\u00dfenden Beratungsmethode, die auf die Situation des Unternehmens abgestimmt ist.<\/p>\n\n\t\t<\/div>\n\t<\/div>\n\n\t<\/div> \n<\/div><!--End .row--><\/div><!--End .container--><\/div><div  class=\" st bg-holder vc_custom_1443532887176\" ><div class='container '><div class='row'>\n\t<div class=\"col-md-4 wpb_column column_container\">\n\t\t\t\n\t<div class=\"wpb_single_image wpb_content_element vc_align_left\">\n\t\t<div class=\"wpb_wrapper\">\n\t\t\t\n\t\t\t<div class=\"vc_single_image-wrapper   vc_box_border_grey\"><img width=\"424\" height=\"283\" src=\"https:\/\/meissnervista.eu\/wp-content\/uploads\/st_uploadfont\/fahrenheit-unternehmensberatung.jpg\" class=\"vc_single_image-img attachment-full\" alt=\"\" decoding=\"async\" loading=\"lazy\" srcset=\"https:\/\/meissnervista.eu\/wp-content\/uploads\/st_uploadfont\/fahrenheit-unternehmensberatung.jpg 424w, https:\/\/meissnervista.eu\/wp-content\/uploads\/st_uploadfont\/fahrenheit-unternehmensberatung-600x400.jpg 600w\" sizes=\"(max-width: 424px) 100vw, 424px\" \/><\/div>\n\t\t<\/div>\n\t<\/div>\n\n\t<\/div> \n\n\t<div class=\"col-md-8 wpb_column column_container vc_custom_1443532866608\">\n\t\t\t\n\t<div class=\"wpb_text_column wpb_content_element \">\n\t\t<div class=\"wpb_wrapper\">\n\t\t\t<h2>Unser Team<\/h2>\n<p class=\"text-bigger\">Unser interdisziplin\u00e4r zusammengesetztes Expertenteam kann auf eine qualifizierte Ausbildung und langj\u00e4hrige Erfahrungen zur\u00fcckblicken. Durch gezielte Aus- und Weiterbildungsma\u00dfnahmen halten wir unsere Fachkompetenz auf dem neusten Stand.<\/p>\n<div class=\"gap\"><\/div>\n\n\t\t<\/div>\n\t<\/div>\n\n\t<\/div> \n<\/div><!--End .row--><\/div><!--End .container--><\/div>\n","protected":false},"excerpt":{"rendered":"Meissner Vista Unternehmensberatung Wir sind eine bundesweit t\u00e4tige Unternehmensberatung. Unsere Kernkompetenzen liegen in der qualifizierten Beratung mittelst\u00e4ndischer oder gr\u00f6\u00dftenteils inhaber- oder familiengef\u00fchrter Unternehmen. Mit gro\u00dfer Begeisterung, aktuellem Expertenwissen, frischen Ideen und einem effektiven internationalen Netzwerk bieten wir praxisnahe L\u00f6sungen zu den unternehmerischen Angelegenheiten unserer Kunden. Innovativ und ergebnisorientiert - aber nie langweilig. Strategie und Beratung [...]","protected":false},"author":1,"featured_media":0,"parent":0,"menu_order":0,"comment_status":"open","ping_status":"open","template":"template-home.php","meta":[],"_links":{"self":[{"href":"https:\/\/meissnervista.eu\/index.php\/wp-json\/wp\/v2\/pages\/34"}],"collection":[{"href":"https:\/\/meissnervista.eu\/index.php\/wp-json\/wp\/v2\/pages"}],"about":[{"href":"https:\/\/meissnervista.eu\/index.php\/wp-json\/wp\/v2\/types\/page"}],"author":[{"embeddable":true,"href":"https:\/\/meissnervista.eu\/index.php\/wp-json\/wp\/v2\/users\/1"}],"replies":[{"embeddable":true,"href":"https:\/\/meissnervista.eu\/index.php\/wp-json\/wp\/v2\/comments?post=34"}],"version-history":[{"count":12,"href":"https:\/\/meissnervista.eu\/index.php\/wp-json\/wp\/v2\/pages\/34\/revisions"}],"predecessor-version":[{"id":6135,"href":"https:\/\/meissnervista.eu\/index.php\/wp-json\/wp\/v2\/pages\/34\/revisions\/6135"}],"wp:attachment":[{"href":"https:\/\/meissnervista.eu\/index.php\/wp-json\/wp\/v2\/media?parent=34"}],"curies":[{"name":"wp","href":"https:\/\/api.w.org\/{rel}","templated":true}]}}