{"id":5935,"date":"2015-09-29T13:18:13","date_gmt":"2015-09-29T11:18:13","guid":{"rendered":"http:\/\/5star-autovermietung.de\/?page_id=5935"},"modified":"2016-06-12T11:09:15","modified_gmt":"2016-06-12T09:09:15","slug":"leistungen","status":"publish","type":"page","link":"https:\/\/meissnervista.eu\/index.php\/leistungen\/","title":{"rendered":"Leistungen"},"content":{"rendered":"<div  class=\" st bg-holder vc_custom_1443525841621\" ><div class='container '><div class='row'>\n\t<div class=\"col-md-8 wpb_column column_container\">\n\t\t\t\n\t<div class=\"wpb_text_column wpb_content_element \">\n\t\t<div class=\"wpb_wrapper\">\n\t\t\t<h2>L\u00f6sungen nach Ma\u00df<\/h2>\n<p class=\"text-bigger\">Unternehmensberatung erfordert neben einer fachkundigen Beratung auch die erfolgreiche Umsetzung der L\u00f6sungsans\u00e4tze. Auf Wunsch \u00fcbernehmen unsere Mitarbeiter die Projektumsetzung und schaffen durch ihr Expertenwissen und ihre Erfahrung nachhaltige Wettbewerbsvorteile. Erfolgsorientiert und auf die Unternehmensziele ausgerichtet. Zukunftsorientierte Instrumente helfen uns bei der Umsetzung.<\/p>\n\n\t\t<\/div>\n\t<\/div>\n\n\t<\/div> \n\n\t<div class=\"col-md-4 wpb_column column_container vc_custom_1465661369228\">\n\t\t\t\n\t<div class=\"wpb_single_image wpb_content_element vc_align_left\">\n\t\t<div class=\"wpb_wrapper\">\n\t\t\t\n\t\t\t<div class=\"vc_single_image-wrapper   vc_box_border_grey\"><img width=\"424\" height=\"283\" src=\"https:\/\/meissnervista.eu\/wp-content\/uploads\/st_uploadfont\/fahrenheit-team.jpg\" class=\"vc_single_image-img attachment-full\" alt=\"\" decoding=\"async\" loading=\"lazy\" srcset=\"https:\/\/meissnervista.eu\/wp-content\/uploads\/st_uploadfont\/fahrenheit-team.jpg 424w, https:\/\/meissnervista.eu\/wp-content\/uploads\/st_uploadfont\/fahrenheit-team-600x400.jpg 600w\" sizes=\"(max-width: 424px) 100vw, 424px\" \/><\/div>\n\t\t<\/div>\n\t<\/div>\n\n\t<\/div> \n<\/div><!--End .row--><\/div><!--End .container--><\/div><div  class=\" st bg-holder vc_custom_1465655165987\" ><div class='container '><div class='row'>\n\t<div class=\"col-md-12 wpb_column column_container\">\n\t\t\t\n\t<div class=\"wpb_text_column wpb_content_element \">\n\t\t<div class=\"wpb_wrapper\">\n\t\t\t<h2 class=\"text-center\" style=\"text-align: center;\">Leistungsbereiche<\/h2>\n<p style=\"text-align: center;\">Leistungen in \u00dcbersicht<\/p>\n\n\t\t<\/div>\n\t<\/div>\n<div class=\"vc_tta-container\" data-vc-action=\"collapse\"><div class=\"vc_general vc_tta vc_tta-accordion vc_tta-color-grey vc_tta-style-classic vc_tta-shape-rounded vc_tta-o-shape-group vc_tta-controls-align-left\"><div class=\"vc_tta-panels-container\"><div class=\"vc_tta-panels\"><div class=\"vc_tta-panel vc_active\" id=\"1465643816279-14ff5c87-4edc\" data-vc-content=\".vc_tta-panel-body\"><div class=\"vc_tta-panel-heading\"><h4 class=\"vc_tta-panel-title vc_tta-controls-icon-position-left\"><a href=\"#1465643816279-14ff5c87-4edc\" data-vc-accordion data-vc-container=\".vc_tta-container\"><span class=\"vc_tta-title-text\">L\u00f6sungen nach Ma\u00df<\/span><i class=\"vc_tta-controls-icon vc_tta-controls-icon-plus\"><\/i><\/a><\/h4><\/div><div class=\"vc_tta-panel-body\">\n\t<div class=\"wpb_text_column wpb_content_element \">\n\t\t<div class=\"wpb_wrapper\">\n\t\t\t<p>Einfachheit, Klarheit und Pr\u00e4zision sind die Bausteine einer guten Strategie. Wir als Unternehmensberatung erarbeiten die Strategie gemeinsam und sorgen daf\u00fcr, dass motivierte Mitarbeiter sie zum Wohle des Unternehmens kraftvoll umsetzen.<\/p>\n\n\t\t<\/div>\n\t<\/div>\n<\/div><\/div><div class=\"vc_tta-panel\" id=\"1465643816395-6d295683-44e9\" data-vc-content=\".vc_tta-panel-body\"><div class=\"vc_tta-panel-heading\"><h4 class=\"vc_tta-panel-title vc_tta-controls-icon-position-left\"><a href=\"#1465643816395-6d295683-44e9\" data-vc-accordion data-vc-container=\".vc_tta-container\"><span class=\"vc_tta-title-text\">Training der F\u00fchrungskr\u00e4fte<\/span><i class=\"vc_tta-controls-icon vc_tta-controls-icon-plus\"><\/i><\/a><\/h4><\/div><div class=\"vc_tta-panel-body\">\n\t<div class=\"wpb_text_column wpb_content_element \">\n\t\t<div class=\"wpb_wrapper\">\n\t\t\t<p>Eine emotionale und intelligente F\u00fchrung inspiriert nicht nur die Mitarbeiter, sie weckt au\u00dferdem Begeisterung und Leidenschaft. Durch Management Coaching sorgen wir daf\u00fcr, dass sich die F\u00fchrungskr\u00e4fte unserer Mandanten in ihrer Leistungsf\u00e4higkeit weiterentwickeln und den sich st\u00e4ndig wandelnden Anforderungen ihrer Position gerecht werden.<\/p>\n\n\t\t<\/div>\n\t<\/div>\n<\/div><\/div><div class=\"vc_tta-panel\" id=\"1465654930483-0becc0ab-55e8\" data-vc-content=\".vc_tta-panel-body\"><div class=\"vc_tta-panel-heading\"><h4 class=\"vc_tta-panel-title vc_tta-controls-icon-position-left\"><a href=\"#1465654930483-0becc0ab-55e8\" data-vc-accordion data-vc-container=\".vc_tta-container\"><span class=\"vc_tta-title-text\">Unternehmenssteuerung<\/span><i class=\"vc_tta-controls-icon vc_tta-controls-icon-plus\"><\/i><\/a><\/h4><\/div><div class=\"vc_tta-panel-body\">\n\t<div class=\"wpb_text_column wpb_content_element \">\n\t\t<div class=\"wpb_wrapper\">\n\t\t\t<p>In einem Unternehmen zielgerichtet und l\u00f6sungsorientiert zu handeln und dabei die Unternehmensziele nicht aus den Augen zu verlieren, bildet die Grundlage f\u00fcr eine nachhaltige Steuerung der Unternehmensaktivit\u00e4ten.<\/p>\n\n\t\t<\/div>\n\t<\/div>\n<\/div><\/div><div class=\"vc_tta-panel\" id=\"1465654933455-6d472bc3-3a38\" data-vc-content=\".vc_tta-panel-body\"><div class=\"vc_tta-panel-heading\"><h4 class=\"vc_tta-panel-title vc_tta-controls-icon-position-left\"><a href=\"#1465654933455-6d472bc3-3a38\" data-vc-accordion data-vc-container=\".vc_tta-container\"><span class=\"vc_tta-title-text\">Erneuerung und Restrukturierung<\/span><i class=\"vc_tta-controls-icon vc_tta-controls-icon-plus\"><\/i><\/a><\/h4><\/div><div class=\"vc_tta-panel-body\">\n\t<div class=\"wpb_text_column wpb_content_element \">\n\t\t<div class=\"wpb_wrapper\">\n\t\t\t<p>Unternehmen sind in einem stetigen Wandel begriffen, doch manchmal geraten sie etwas au\u00dfer Tritt. Unsere Analyse zeigt wo in einem Unternehmen die Schwachstellen sind und dringender Handlungsbedarf besteht. Eine bedarfsorientierte Restrukturierung er\u00f6ffnet einem Unternehmen neue Perspektiven und zeigt neue Potenziale auf.<\/p>\n\n\t\t<\/div>\n\t<\/div>\n<\/div><\/div><div class=\"vc_tta-panel\" id=\"1465654934840-6c10c662-6c0a\" data-vc-content=\".vc_tta-panel-body\"><div class=\"vc_tta-panel-heading\"><h4 class=\"vc_tta-panel-title vc_tta-controls-icon-position-left\"><a href=\"#1465654934840-6c10c662-6c0a\" data-vc-accordion data-vc-container=\".vc_tta-container\"><span class=\"vc_tta-title-text\">Chancen und Risiken<\/span><i class=\"vc_tta-controls-icon vc_tta-controls-icon-plus\"><\/i><\/a><\/h4><\/div><div class=\"vc_tta-panel-body\">\n\t<div class=\"wpb_text_column wpb_content_element \">\n\t\t<div class=\"wpb_wrapper\">\n\t\t\t<p>Als Unternehmensberatung denken wir st\u00e4ndig \u00fcber alle Fragen der Compliance und des sich daraus ergebenden Risikomanagements nach. Bei Bedarf entwickelt und implementieren wir geeignete Ma\u00dfnahmen, welche die Chancen und Risiken der Wertsch\u00f6pfung positiv beeinflussen.<\/p>\n\n\t\t<\/div>\n\t<\/div>\n<\/div><\/div><div class=\"vc_tta-panel\" id=\"1465654935885-96a2acb6-bd06\" data-vc-content=\".vc_tta-panel-body\"><div class=\"vc_tta-panel-heading\"><h4 class=\"vc_tta-panel-title vc_tta-controls-icon-position-left\"><a href=\"#1465654935885-96a2acb6-bd06\" data-vc-accordion data-vc-container=\".vc_tta-container\"><span class=\"vc_tta-title-text\"> Einkaufsoptimierung und Kostenmanagement<\/span><i class=\"vc_tta-controls-icon vc_tta-controls-icon-plus\"><\/i><\/a><\/h4><\/div><div class=\"vc_tta-panel-body\">\n\t<div class=\"wpb_text_column wpb_content_element \">\n\t\t<div class=\"wpb_wrapper\">\n\t\t\t<p>In der Optimierung des Einkaufs liegen ungenutzte Sparpotenziale, die jedes Unternehmen nutzen sollte. Unser Ansatz ist eine individuelle Beratung und die optimale Nutzung der Einkaufsinstrumente. Besonders in schnell expandierenden Unternehmen steigen die Kosten oft \u00fcberproportional an. Durch ein effektives Kostenmanagement zeigen wir Ihnen, wie Sie die Kosten in den Griff bekommen.<\/p>\n\n\t\t<\/div>\n\t<\/div>\n<\/div><\/div><\/div><\/div><\/div><\/div>\n\t<\/div> \n<\/div><!--End .row--><\/div><!--End .container--><\/div><div  class=\" st bg-holder vc_custom_1443523177709 bg-parallax \" ><div class=\"bg-mask\"><\/div><div class='container '><div class='row'>\n\t<div class=\"col-md-10 wpb_column column_container\">\n\t\t\t\n\t<div class=\"wpb_text_column wpb_content_element  vc_custom_1465721375051 gap gap-big text-white\">\n\t\t<div class=\"wpb_wrapper\">\n\t\t\t<h2>M\u00f6chten Sie unsere Leistungen in Anspruch nehmen?<\/h2>\n<p class=\"text-bigger\">Gern! Senden Sie uns einfach eine Anfrage und wir werden uns in K\u00fcrze\u00a0mit einem individuellem Angebot bei Ihnen melden.<\/p>\n\n\t\t<\/div>\n\t<\/div>\n\n\t<\/div> \n<\/div><!--End .row--><\/div><!--End .container--><\/div><div  class=\" st bg-holder\" ><div class='container '><div class='row'>\n\t<div class=\"col-md-12 wpb_column column_container\">\n\t\t\t\n\t<div class=\"wpb_text_column wpb_content_element \">\n\t\t<div class=\"wpb_wrapper\">\n\t\t\t<div class=\"gap\"><\/div>\n<h2>Anfrage-Formular<\/h2>\n<div role=\"form\" class=\"wpcf7\" id=\"wpcf7-f5944-o1\" lang=\"en-US\" dir=\"ltr\">\n<div class=\"screen-reader-response\"><p role=\"status\" aria-live=\"polite\" aria-atomic=\"true\"><\/p> <ul><\/ul><\/div>\n<form action=\"\/index.php\/wp-json\/wp\/v2\/pages\/5935#wpcf7-f5944-o1\" method=\"post\" class=\"wpcf7-form init\" novalidate=\"novalidate\" data-status=\"init\">\n<div style=\"display: none;\">\n<input type=\"hidden\" name=\"_wpcf7\" value=\"5944\" \/>\n<input type=\"hidden\" name=\"_wpcf7_version\" value=\"5.6.4\" \/>\n<input type=\"hidden\" name=\"_wpcf7_locale\" value=\"en_US\" \/>\n<input type=\"hidden\" name=\"_wpcf7_unit_tag\" value=\"wpcf7-f5944-o1\" \/>\n<input type=\"hidden\" name=\"_wpcf7_container_post\" value=\"0\" \/>\n<input type=\"hidden\" name=\"_wpcf7_posted_data_hash\" value=\"\" \/>\n<\/div>\n<div class=\"mt30\">\n<div class=\"row\">\n<div class=\"col-md-4\">\n<div class=\"form-group\">\n                                    <label>Name (Pflichtfeld)<\/label><span class=\"wpcf7-form-control-wrap\" data-name=\"name\"><input type=\"text\" name=\"name\" value=\"\" size=\"40\" class=\"wpcf7-form-control wpcf7-text wpcf7-validates-as-required form-control\" id=\"name\" aria-required=\"true\" aria-invalid=\"false\" \/><\/span>\n                                <\/div>\n<\/div>\n<div class=\"col-md-4\">\n<div class=\"form-group\">\n                                    <label>E-Mail (Pflichtfeld)<\/label><span class=\"wpcf7-form-control-wrap\" data-name=\"email\"><input type=\"text\" name=\"email\" value=\"\" size=\"40\" class=\"wpcf7-form-control wpcf7-text wpcf7-validates-as-required form-control\" id=\"email\" aria-required=\"true\" aria-invalid=\"false\" \/><\/span>\n                                <\/div>\n<\/div>\n<div class=\"col-md-4\">\n<div class=\"form-group\">\n                                    <label>Telefon<\/label><span class=\"wpcf7-form-control-wrap\" data-name=\"Telefon\"><input type=\"tel\" name=\"Telefon\" value=\"\" size=\"40\" class=\"wpcf7-form-control wpcf7-text wpcf7-tel wpcf7-validates-as-tel form-control\" id=\"tel\" aria-invalid=\"false\" \/><\/span>\n                                <\/div>\n<\/div>\n<\/div>\n<div class=\"form-group\">\n                            <label>Mitteilung (Pflichtfeld)<\/label><span class=\"wpcf7-form-control-wrap\" data-name=\"message\"><textarea name=\"message\" cols=\"40\" rows=\"3\" class=\"wpcf7-form-control wpcf7-textarea wpcf7-validates-as-required form-control\" id=\"message\" aria-required=\"true\" aria-invalid=\"false\"><\/textarea><\/span>\n                        <\/div>\n<div class=\"form-group\">\n                  <label>Spam-Schutz (Bitte tragen Sie die Zeichen ein) <\/label>   <input type=\"hidden\" name=\"_wpcf7_captcha_challenge_captcha-286\" value=\"165381483\" \/><img class=\"wpcf7-form-control wpcf7-captchac wpcf7-captcha-captcha-286\" width=\"72\" height=\"24\" alt=\"captcha\" src=\"https:\/\/meissnervista.eu\/wp-content\/uploads\/wpcf7_captcha\/165381483.png\" \/> <span class=\"wpcf7-form-control-wrap\" data-name=\"captcha-286\"><input type=\"text\" name=\"captcha-286\" value=\"\" size=\"10\" class=\"wpcf7-form-control wpcf7-captchar\" autocomplete=\"off\" aria-invalid=\"false\" \/><\/span>\n<\/div>\n<p>                         <input type=\"submit\" value=\"Absenden\" class=\"wpcf7-form-control has-spinner wpcf7-submit btn btn-primary\" \/><\/p>\n<\/div>\n<div class=\"wpcf7-response-output\" aria-hidden=\"true\"><\/div><\/form><\/div>\n<div class=\"gap\"><\/div>\n\n\t\t<\/div>\n\t<\/div>\n\n\t<\/div> \n<\/div><!--End .row--><\/div><!--End .container--><\/div>\n","protected":false},"excerpt":{"rendered":"L\u00f6sungen nach Ma\u00df Unternehmensberatung erfordert neben einer fachkundigen Beratung auch die erfolgreiche Umsetzung der L\u00f6sungsans\u00e4tze. Auf Wunsch \u00fcbernehmen unsere Mitarbeiter die Projektumsetzung und schaffen durch ihr Expertenwissen und ihre Erfahrung nachhaltige Wettbewerbsvorteile. Erfolgsorientiert und auf die Unternehmensziele ausgerichtet. Zukunftsorientierte Instrumente helfen uns bei der Umsetzung. Leistungsbereiche Leistungen in \u00dcbersicht L\u00f6sungen nach Ma\u00df Einfachheit, Klarheit und [...]","protected":false},"author":1,"featured_media":0,"parent":0,"menu_order":0,"comment_status":"closed","ping_status":"closed","template":"template-home.php","meta":[],"_links":{"self":[{"href":"https:\/\/meissnervista.eu\/index.php\/wp-json\/wp\/v2\/pages\/5935"}],"collection":[{"href":"https:\/\/meissnervista.eu\/index.php\/wp-json\/wp\/v2\/pages"}],"about":[{"href":"https:\/\/meissnervista.eu\/index.php\/wp-json\/wp\/v2\/types\/page"}],"author":[{"embeddable":true,"href":"https:\/\/meissnervista.eu\/index.php\/wp-json\/wp\/v2\/users\/1"}],"replies":[{"embeddable":true,"href":"https:\/\/meissnervista.eu\/index.php\/wp-json\/wp\/v2\/comments?post=5935"}],"version-history":[{"count":20,"href":"https:\/\/meissnervista.eu\/index.php\/wp-json\/wp\/v2\/pages\/5935\/revisions"}],"predecessor-version":[{"id":6106,"href":"https:\/\/meissnervista.eu\/index.php\/wp-json\/wp\/v2\/pages\/5935\/revisions\/6106"}],"wp:attachment":[{"href":"https:\/\/meissnervista.eu\/index.php\/wp-json\/wp\/v2\/media?parent=5935"}],"curies":[{"name":"wp","href":"https:\/\/api.w.org\/{rel}","templated":true}]}}