{"id":6172,"date":"2023-03-01T12:19:26","date_gmt":"2023-03-01T11:19:26","guid":{"rendered":"https:\/\/meissnervista.eu\/?page_id=6172"},"modified":"2023-03-23T14:47:58","modified_gmt":"2023-03-23T13:47:58","slug":"zeitungsartikel-ueber-die-geschaeftsfuehrung","status":"publish","type":"page","link":"https:\/\/meissnervista.eu\/index.php\/zeitungsartikel-ueber-die-geschaeftsfuehrung\/","title":{"rendered":"Presse"},"content":{"rendered":"\n<figure class=\"wp-block-image size-large\"><a href=\"https:\/\/fahrenheit-beratung.de\/wp-content\/uploads\/st_uploadfont\/pexels-sora-shimazaki-5668837-1152x1536-1.jpeg\"><img decoding=\"async\" loading=\"lazy\" width=\"1024\" height=\"1024\" src=\"https:\/\/fahrenheit-beratung.de\/wp-content\/uploads\/st_uploadfont\/pexels-sora-shimazaki-5668837-1152x1536-1-1024x1024.jpeg\" alt=\"\" class=\"wp-image-6175\" srcset=\"https:\/\/meissnervista.eu\/wp-content\/uploads\/st_uploadfont\/pexels-sora-shimazaki-5668837-1152x1536-1-1024x1024.jpeg 1024w, https:\/\/meissnervista.eu\/wp-content\/uploads\/st_uploadfont\/pexels-sora-shimazaki-5668837-1152x1536-1-300x300.jpeg 300w, https:\/\/meissnervista.eu\/wp-content\/uploads\/st_uploadfont\/pexels-sora-shimazaki-5668837-1152x1536-1-150x150.jpeg 150w, https:\/\/meissnervista.eu\/wp-content\/uploads\/st_uploadfont\/pexels-sora-shimazaki-5668837-1152x1536-1-1536x1536.jpeg 1536w, https:\/\/meissnervista.eu\/wp-content\/uploads\/st_uploadfont\/pexels-sora-shimazaki-5668837-1152x1536-1-2048x2048.jpeg 2048w, https:\/\/meissnervista.eu\/wp-content\/uploads\/st_uploadfont\/pexels-sora-shimazaki-5668837-1152x1536-1-100x100.jpeg 100w\" sizes=\"(max-width: 1024px) 100vw, 1024px\" \/><\/a><\/figure>\n\n\n\n<div style=\"height:124px\" aria-hidden=\"true\" class=\"wp-block-spacer\"><\/div>\n\n\n\n<p class=\"has-large-font-size\"><a rel=\"noreferrer noopener\" href=\"http:\/\/webnews-blog.de\/die-aufgaben-eines-unternehmensberaters\/\" data-type=\"URL\" data-id=\"http:\/\/webnews-blog.de\/die-aufgaben-eines-unternehmensberaters\/\" target=\"_blank\">DIE AUFGABEN EINES UNTERNEHMENSBERATERS<\/a><\/p>\n\n\n\n<div style=\"height:124px\" aria-hidden=\"true\" class=\"wp-block-spacer\"><\/div>\n\n\n\n<p class=\"has-large-font-size\"><a href=\"http:\/\/webnews-blog.de\/investition-in-unternehmen-mit-heiko-meissner\/\" data-type=\"URL\" data-id=\"http:\/\/webnews-blog.de\/investition-in-unternehmen-mit-heiko-meissner\/\" target=\"_blank\" rel=\"noreferrer noopener\">INVESTITION IN UNTERNEHMEN<\/a><\/p>\n\n\n\n<div style=\"height:124px\" aria-hidden=\"true\" class=\"wp-block-spacer\"><\/div>\n\n\n\n<p class=\"has-large-font-size\"><a href=\"https:\/\/meissnervista.eu\/wp-content\/uploads\/st_uploadfont\/Presse-Prignitz-Express-2.pdf\" data-type=\"URL\" data-id=\"https:\/\/meissnervista.eu\/wp-content\/uploads\/st_uploadfont\/Presse-Prignitz-Express-2.pdf\" target=\"_blank\" rel=\"noreferrer noopener\">PRIGNITZ EXPRESS &#8211; EIN GRO\u00dfES ST\u00dcCK TEILHABE<\/a><\/p>\n\n\n\n<div style=\"height:124px\" aria-hidden=\"true\" class=\"wp-block-spacer\"><\/div>\n\n\n\n<p style=\"font-size:30px\"><a href=\"https:\/\/meissnervista.eu\/wp-content\/uploads\/st_uploadfont\/Presse-Marmeladen-Manufaktur-2.pdf\" data-type=\"URL\" target=\"_blank\" rel=\"noreferrer noopener\">M\u00c4RKISCHE ALLGEMEINE &#8211; VIEL FRUCHT, WENIG ZUCKER <\/a><\/p>\n\n\n\n<div style=\"height:124px\" aria-hidden=\"true\" class=\"wp-block-spacer\"><\/div>\n","protected":false},"excerpt":{"rendered":"<p>DIE AUFGABEN EINES UNTERNEHMENSBERATERS INVESTITION IN UNTERNEHMEN PRIGNITZ EXPRESS &#8211; EIN GRO\u00dfES ST\u00dcCK TEILHABE M\u00c4RKISCHE ALLGEMEINE &#8211; VIEL FRUCHT, WENIG ZUCKER<\/p>\n","protected":false},"author":1,"featured_media":0,"parent":0,"menu_order":0,"comment_status":"closed","ping_status":"closed","template":"","meta":[],"_links":{"self":[{"href":"https:\/\/meissnervista.eu\/index.php\/wp-json\/wp\/v2\/pages\/6172"}],"collection":[{"href":"https:\/\/meissnervista.eu\/index.php\/wp-json\/wp\/v2\/pages"}],"about":[{"href":"https:\/\/meissnervista.eu\/index.php\/wp-json\/wp\/v2\/types\/page"}],"author":[{"embeddable":true,"href":"https:\/\/meissnervista.eu\/index.php\/wp-json\/wp\/v2\/users\/1"}],"replies":[{"embeddable":true,"href":"https:\/\/meissnervista.eu\/index.php\/wp-json\/wp\/v2\/comments?post=6172"}],"version-history":[{"count":6,"href":"https:\/\/meissnervista.eu\/index.php\/wp-json\/wp\/v2\/pages\/6172\/revisions"}],"predecessor-version":[{"id":6199,"href":"https:\/\/meissnervista.eu\/index.php\/wp-json\/wp\/v2\/pages\/6172\/revisions\/6199"}],"wp:attachment":[{"href":"https:\/\/meissnervista.eu\/index.php\/wp-json\/wp\/v2\/media?parent=6172"}],"curies":[{"name":"wp","href":"https:\/\/api.w.org\/{rel}","templated":true}]}}